{"id":148,"date":"2024-11-17T14:08:18","date_gmt":"2024-11-17T13:08:18","guid":{"rendered":"https:\/\/lentbau.pl\/?page_id=148"},"modified":"2025-03-23T21:52:57","modified_gmt":"2025-03-23T20:52:57","slug":"dane-firmowe","status":"publish","type":"page","link":"https:\/\/lentbau.pl\/?page_id=148","title":{"rendered":"Dane firmowe"},"content":{"rendered":"\n<h2 class=\"wp-block-heading has-large-font-size\">LENTBAU<\/h2>\n\n\n\n<p class=\"has-medium-font-size\">LENT BAU SP\u00d3\u0141KA Z OGRANICZON\u0104 ODPOWIEDZIALNO\u015aCI\u0104<\/p>\n\n\n\n<p class=\"has-medium-font-size\">UL. JELENIOG\u00d3RSKA 34A \/ 3, 58-160 \u015aWIEBODZICE<\/p>\n\n\n\n<p class=\"has-medium-font-size\">NIP: 884 282 11 38<br>KRS: 000 105 29 74<\/p>\n\n\n\n<p class=\"has-medium-font-size\">Kontakt:<\/p>\n\n\n\n<div class=\"wp-block-columns is-layout-flex wp-container-core-columns-is-layout-9d6595d7 wp-block-columns-is-layout-flex\">\n<div class=\"wp-block-column is-layout-flow wp-block-column-is-layout-flow\">\n<div class=\"wp-block-buttons is-layout-flex wp-block-buttons-is-layout-flex\">\n<div class=\"wp-block-button\"><a class=\"wp-block-button__link wp-element-button\" href=\"tel:+48608693323\">Zadzwo\u0144!<\/a><\/div>\n\n\n\n<div class=\"wp-block-button\"><a class=\"wp-block-button__link wp-element-button\" href=\"mailto:lentbau@o2.pl\">Wy\u015blij e-mail!<\/a><\/div>\n<\/div>\n<\/div>\n\n\n\n<div class=\"wp-block-column is-layout-flow wp-block-column-is-layout-flow\"><\/div>\n<\/div>\n\n\n<div class=\"wpforms-container wpforms-container-full wpforms-block wpforms-block-0c3f43a2-322a-4690-8abf-79fd0cd58914 wpforms-render-modern\" id=\"wpforms-136\"><form id=\"wpforms-form-136\" class=\"wpforms-validate wpforms-form wpforms-ajax-form\" data-formid=\"136\" method=\"post\" enctype=\"multipart\/form-data\" action=\"\/index.php?rest_route=%2Fwp%2Fv2%2Fpages%2F148\" data-token=\"eeec7bea309a4a4ca4f2633f2b91bd4d\" data-token-time=\"1776604257\"><noscript class=\"wpforms-error-noscript\">Aby wype\u0142ni\u0107 ten formularz, w\u0142\u0105cz obs\u0142ug\u0119 JavaScript w przegl\u0105darce.<\/noscript><div class=\"wpforms-hidden\" id=\"wpforms-error-noscript\">Aby wype\u0142ni\u0107 ten formularz, w\u0142\u0105cz obs\u0142ug\u0119 JavaScript w przegl\u0105darce.<\/div><div class=\"wpforms-field-container\"><div id=\"wpforms-136-field_1-container\" class=\"wpforms-field wpforms-field-name\" data-field-id=\"1\"><fieldset><legend class=\"wpforms-field-label\">Imi\u0119 i nazwisko <span class=\"wpforms-required-label\" aria-hidden=\"true\">*<\/span><\/legend><div class=\"wpforms-field-row wpforms-field-medium\"><div class=\"wpforms-field-row-block wpforms-first wpforms-one-half\"><input type=\"text\" id=\"wpforms-136-field_1\" class=\"wpforms-field-name-first wpforms-field-required\" name=\"wpforms[fields][1][first]\" aria-errormessage=\"wpforms-136-field_1-error\" required><label for=\"wpforms-136-field_1\" class=\"wpforms-field-sublabel after\">Imi\u0119<\/label><\/div><div class=\"wpforms-field-row-block wpforms-one-half\"><input type=\"text\" id=\"wpforms-136-field_1-last\" class=\"wpforms-field-name-last wpforms-field-required\" name=\"wpforms[fields][1][last]\" aria-errormessage=\"wpforms-136-field_1-last-error\" required><label for=\"wpforms-136-field_1-last\" class=\"wpforms-field-sublabel after\">Nazwisko<\/label><\/div><\/div><\/fieldset><\/div><div id=\"wpforms-136-field_2-container\" class=\"wpforms-field wpforms-field-email\" data-field-id=\"2\"><label class=\"wpforms-field-label\" for=\"wpforms-136-field_2\">Adres e-mail <span class=\"wpforms-required-label\" aria-hidden=\"true\">*<\/span><\/label><input type=\"email\" id=\"wpforms-136-field_2\" class=\"wpforms-field-medium wpforms-field-required\" name=\"wpforms[fields][2]\" spellcheck=\"false\" aria-errormessage=\"wpforms-136-field_2-error\" required><\/div><div id=\"wpforms-136-field_3-container\" class=\"wpforms-field wpforms-field-textarea\" data-field-id=\"3\"><label class=\"wpforms-field-label\" for=\"wpforms-136-field_3\">Komentarz lub wiadomo\u015b\u0107<\/label><textarea id=\"wpforms-136-field_3\" class=\"wpforms-field-medium\" name=\"wpforms[fields][3]\" aria-errormessage=\"wpforms-136-field_3-error\" ><\/textarea><\/div><\/div><!-- .wpforms-field-container --><div class=\"wpforms-recaptcha-container wpforms-is-recaptcha wpforms-is-recaptcha-type-v2\" ><div class=\"g-recaptcha\" data-sitekey=\"6LcP_YEqAAAAAGOibCO5OZ6GzpZyVjx2333g4xP8\"><\/div><input type=\"text\" name=\"g-recaptcha-hidden\" class=\"wpforms-recaptcha-hidden\" style=\"position:absolute!important;clip:rect(0,0,0,0)!important;height:1px!important;width:1px!important;border:0!important;overflow:hidden!important;padding:0!important;margin:0!important;\" data-rule-recaptcha=\"1\"><\/div><div class=\"wpforms-submit-container\" ><input type=\"hidden\" name=\"wpforms[id]\" value=\"136\"><input type=\"hidden\" name=\"page_title\" value=\"\"><input type=\"hidden\" name=\"page_url\" value=\"https:\/\/lentbau.pl\/index.php?rest_route=\/wp\/v2\/pages\/148\"><input type=\"hidden\" name=\"url_referer\" value=\"\"><button type=\"submit\" name=\"wpforms[submit]\" id=\"wpforms-submit-136\" class=\"wpforms-submit\" data-alt-text=\"Wysy\u0142anie...\" data-submit-text=\"Prze\u015blij\" aria-live=\"assertive\" value=\"wpforms-submit\">Prze\u015blij<\/button><img loading=\"lazy\" decoding=\"async\" src=\"https:\/\/lentbau.pl\/wp-content\/plugins\/wpforms-lite\/assets\/images\/submit-spin.svg\" class=\"wpforms-submit-spinner\" style=\"display: none;\" width=\"26\" height=\"26\" alt=\"Wczytywanie\"><\/div><\/form><\/div>  <!-- .wpforms-container -->\n\n\t\t\t<div \n\t\t\tclass=\"wp-block-uagb-google-map uagb-google-map__wrap uagb-block-e0bbab06     \"\n\t\t\tstyle=\"\" >\n\t\t\t\t<embed\n\t\t\t\t\tclass=\"uagb-google-map__iframe\"\n\t\t\t\t\ttitle=\"Google Map for \"\n\t\t\t\t\tsrc=\"https:\/\/maps.google.com\/maps?q=Jeleniog%C3%B3rska%2034A%20%C5%9Bwiebodzice&#038;z=13&#038;hl=pl&#038;t=m&#038;output=embed&#038;iwloc=near\"\n\t\t\t\t\twidth=\"640\"\n\t\t\t\t\theight=\"300\"\n\t\t\t\t\tloading=\"lazy\"\n\t\t\t\t><\/embed>\n\t\t\t<\/div>\n\t\t\t","protected":false},"excerpt":{"rendered":"<p>LENTBAU LENT BAU SP\u00d3\u0141KA Z OGRANICZON\u0104 ODPOWIEDZIALNO\u015aCI\u0104 UL. JELENIOG\u00d3RSKA 34A \/ 3, 58-160 \u015aWIEBODZICE NIP: 884 282 11 38KRS: 000 105 29 74 Kontakt:<\/p>\n","protected":false},"author":1,"featured_media":0,"parent":0,"menu_order":0,"comment_status":"closed","ping_status":"closed","template":"","meta":{"_uag_custom_page_level_css":"","ocean_post_layout":"","ocean_both_sidebars_style":"","ocean_both_sidebars_content_width":0,"ocean_both_sidebars_sidebars_width":0,"ocean_sidebar":"","ocean_second_sidebar":"","ocean_disable_margins":"enable","ocean_add_body_class":"","ocean_shortcode_before_top_bar":"","ocean_shortcode_after_top_bar":"","ocean_shortcode_before_header":"","ocean_shortcode_after_header":"","ocean_has_shortcode":"","ocean_shortcode_after_title":"","ocean_shortcode_before_footer_widgets":"","ocean_shortcode_after_footer_widgets":"","ocean_shortcode_before_footer_bottom":"","ocean_shortcode_after_footer_bottom":"","ocean_display_top_bar":"default","ocean_display_header":"default","ocean_header_style":"","ocean_center_header_left_menu":"","ocean_custom_header_template":"","ocean_custom_logo":0,"ocean_custom_retina_logo":0,"ocean_custom_logo_max_width":0,"ocean_custom_logo_tablet_max_width":0,"ocean_custom_logo_mobile_max_width":0,"ocean_custom_logo_max_height":0,"ocean_custom_logo_tablet_max_height":0,"ocean_custom_logo_mobile_max_height":0,"ocean_header_custom_menu":"","ocean_menu_typo_font_family":"","ocean_menu_typo_font_subset":"","ocean_menu_typo_font_size":0,"ocean_menu_typo_font_size_tablet":0,"ocean_menu_typo_font_size_mobile":0,"ocean_menu_typo_font_size_unit":"px","ocean_menu_typo_font_weight":"","ocean_menu_typo_font_weight_tablet":"","ocean_menu_typo_font_weight_mobile":"","ocean_menu_typo_transform":"","ocean_menu_typo_transform_tablet":"","ocean_menu_typo_transform_mobile":"","ocean_menu_typo_line_height":0,"ocean_menu_typo_line_height_tablet":0,"ocean_menu_typo_line_height_mobile":0,"ocean_menu_typo_line_height_unit":"","ocean_menu_typo_spacing":0,"ocean_menu_typo_spacing_tablet":0,"ocean_menu_typo_spacing_mobile":0,"ocean_menu_typo_spacing_unit":"","ocean_menu_link_color":"","ocean_menu_link_color_hover":"","ocean_menu_link_color_active":"","ocean_menu_link_background":"","ocean_menu_link_hover_background":"","ocean_menu_link_active_background":"","ocean_menu_social_links_bg":"","ocean_menu_social_hover_links_bg":"","ocean_menu_social_links_color":"","ocean_menu_social_hover_links_color":"","ocean_disable_title":"default","ocean_disable_heading":"default","ocean_post_title":"","ocean_post_subheading":"","ocean_post_title_style":"","ocean_post_title_background_color":"","ocean_post_title_background":0,"ocean_post_title_bg_image_position":"","ocean_post_title_bg_image_attachment":"","ocean_post_title_bg_image_repeat":"","ocean_post_title_bg_image_size":"","ocean_post_title_height":0,"ocean_post_title_bg_overlay":0.5,"ocean_post_title_bg_overlay_color":"","ocean_disable_breadcrumbs":"default","ocean_breadcrumbs_color":"","ocean_breadcrumbs_separator_color":"","ocean_breadcrumbs_links_color":"","ocean_breadcrumbs_links_hover_color":"","ocean_display_footer_widgets":"default","ocean_display_footer_bottom":"default","ocean_custom_footer_template":"","footnotes":""},"class_list":["post-148","page","type-page","status-publish","hentry","entry"],"yoast_head":"<!-- This site is optimized with the Yoast SEO plugin v24.7 - https:\/\/yoast.com\/wordpress\/plugins\/seo\/ -->\n<title>Dane firmowe - LENTBAU<\/title>\n<meta name=\"robots\" content=\"noindex, follow, max-snippet:-1, max-image-preview:large, max-video-preview:-1\" \/>\n<meta property=\"og:locale\" content=\"pl_PL\" \/>\n<meta property=\"og:type\" content=\"article\" \/>\n<meta property=\"og:title\" content=\"Dane firmowe - LENTBAU\" \/>\n<meta property=\"og:description\" content=\"LENTBAU LENT BAU SP\u00d3\u0141KA Z OGRANICZON\u0104 ODPOWIEDZIALNO\u015aCI\u0104 UL. JELENIOG\u00d3RSKA 34A \/ 3, 58-160 \u015aWIEBODZICE NIP: 884 282 11 38KRS: 000 105 29 74 Kontakt:\" \/>\n<meta property=\"og:url\" content=\"https:\/\/lentbau.pl\/?page_id=148\" \/>\n<meta property=\"og:site_name\" content=\"LENTBAU\" \/>\n<meta property=\"article:modified_time\" content=\"2025-03-23T20:52:57+00:00\" \/>\n<meta name=\"twitter:card\" content=\"summary_large_image\" \/>\n<script type=\"application\/ld+json\" class=\"yoast-schema-graph\">{\"@context\":\"https:\/\/schema.org\",\"@graph\":[{\"@type\":\"WebPage\",\"@id\":\"https:\/\/lentbau.pl\/?page_id=148\",\"url\":\"https:\/\/lentbau.pl\/?page_id=148\",\"name\":\"Dane firmowe - LENTBAU\",\"isPartOf\":{\"@id\":\"https:\/\/lentbau.pl\/#website\"},\"datePublished\":\"2024-11-17T13:08:18+00:00\",\"dateModified\":\"2025-03-23T20:52:57+00:00\",\"breadcrumb\":{\"@id\":\"https:\/\/lentbau.pl\/?page_id=148#breadcrumb\"},\"inLanguage\":\"pl-PL\",\"potentialAction\":[{\"@type\":\"ReadAction\",\"target\":[\"https:\/\/lentbau.pl\/?page_id=148\"]}]},{\"@type\":\"BreadcrumbList\",\"@id\":\"https:\/\/lentbau.pl\/?page_id=148#breadcrumb\",\"itemListElement\":[{\"@type\":\"ListItem\",\"position\":1,\"name\":\"Home\",\"item\":\"https:\/\/lentbau.pl\/\"},{\"@type\":\"ListItem\",\"position\":2,\"name\":\"Dane firmowe\"}]},{\"@type\":\"WebSite\",\"@id\":\"https:\/\/lentbau.pl\/#website\",\"url\":\"https:\/\/lentbau.pl\/\",\"name\":\"LENTBAU\",\"description\":\"Skutecznie w 24h\",\"publisher\":{\"@id\":\"https:\/\/lentbau.pl\/#organization\"},\"potentialAction\":[{\"@type\":\"SearchAction\",\"target\":{\"@type\":\"EntryPoint\",\"urlTemplate\":\"https:\/\/lentbau.pl\/?s={search_term_string}\"},\"query-input\":{\"@type\":\"PropertyValueSpecification\",\"valueRequired\":true,\"valueName\":\"search_term_string\"}}],\"inLanguage\":\"pl-PL\"},{\"@type\":\"Organization\",\"@id\":\"https:\/\/lentbau.pl\/#organization\",\"name\":\"LENTBAU\",\"url\":\"https:\/\/lentbau.pl\/\",\"logo\":{\"@type\":\"ImageObject\",\"inLanguage\":\"pl-PL\",\"@id\":\"https:\/\/lentbau.pl\/#\/schema\/logo\/image\/\",\"url\":\"https:\/\/lentbau.pl\/wp-content\/uploads\/2024\/08\/LENTBAU.PL_.png\",\"contentUrl\":\"https:\/\/lentbau.pl\/wp-content\/uploads\/2024\/08\/LENTBAU.PL_.png\",\"width\":1920,\"height\":1080,\"caption\":\"LENTBAU\"},\"image\":{\"@id\":\"https:\/\/lentbau.pl\/#\/schema\/logo\/image\/\"}}]}<\/script>\n<!-- \/ Yoast SEO plugin. -->","yoast_head_json":{"title":"Dane firmowe - LENTBAU","robots":{"index":"noindex","follow":"follow","max-snippet":"max-snippet:-1","max-image-preview":"max-image-preview:large","max-video-preview":"max-video-preview:-1"},"og_locale":"pl_PL","og_type":"article","og_title":"Dane firmowe - LENTBAU","og_description":"LENTBAU LENT BAU SP\u00d3\u0141KA Z OGRANICZON\u0104 ODPOWIEDZIALNO\u015aCI\u0104 UL. JELENIOG\u00d3RSKA 34A \/ 3, 58-160 \u015aWIEBODZICE NIP: 884 282 11 38KRS: 000 105 29 74 Kontakt:","og_url":"https:\/\/lentbau.pl\/?page_id=148","og_site_name":"LENTBAU","article_modified_time":"2025-03-23T20:52:57+00:00","twitter_card":"summary_large_image","schema":{"@context":"https:\/\/schema.org","@graph":[{"@type":"WebPage","@id":"https:\/\/lentbau.pl\/?page_id=148","url":"https:\/\/lentbau.pl\/?page_id=148","name":"Dane firmowe - LENTBAU","isPartOf":{"@id":"https:\/\/lentbau.pl\/#website"},"datePublished":"2024-11-17T13:08:18+00:00","dateModified":"2025-03-23T20:52:57+00:00","breadcrumb":{"@id":"https:\/\/lentbau.pl\/?page_id=148#breadcrumb"},"inLanguage":"pl-PL","potentialAction":[{"@type":"ReadAction","target":["https:\/\/lentbau.pl\/?page_id=148"]}]},{"@type":"BreadcrumbList","@id":"https:\/\/lentbau.pl\/?page_id=148#breadcrumb","itemListElement":[{"@type":"ListItem","position":1,"name":"Home","item":"https:\/\/lentbau.pl\/"},{"@type":"ListItem","position":2,"name":"Dane firmowe"}]},{"@type":"WebSite","@id":"https:\/\/lentbau.pl\/#website","url":"https:\/\/lentbau.pl\/","name":"LENTBAU","description":"Skutecznie w 24h","publisher":{"@id":"https:\/\/lentbau.pl\/#organization"},"potentialAction":[{"@type":"SearchAction","target":{"@type":"EntryPoint","urlTemplate":"https:\/\/lentbau.pl\/?s={search_term_string}"},"query-input":{"@type":"PropertyValueSpecification","valueRequired":true,"valueName":"search_term_string"}}],"inLanguage":"pl-PL"},{"@type":"Organization","@id":"https:\/\/lentbau.pl\/#organization","name":"LENTBAU","url":"https:\/\/lentbau.pl\/","logo":{"@type":"ImageObject","inLanguage":"pl-PL","@id":"https:\/\/lentbau.pl\/#\/schema\/logo\/image\/","url":"https:\/\/lentbau.pl\/wp-content\/uploads\/2024\/08\/LENTBAU.PL_.png","contentUrl":"https:\/\/lentbau.pl\/wp-content\/uploads\/2024\/08\/LENTBAU.PL_.png","width":1920,"height":1080,"caption":"LENTBAU"},"image":{"@id":"https:\/\/lentbau.pl\/#\/schema\/logo\/image\/"}}]}},"uagb_featured_image_src":{"full":false,"thumbnail":false,"medium":false,"medium_large":false,"large":false,"1536x1536":false,"2048x2048":false,"ocean-thumb-m":false,"ocean-thumb-ml":false,"ocean-thumb-l":false},"uagb_author_info":{"display_name":"lentbau-admin","author_link":"https:\/\/lentbau.pl\/?author=1"},"uagb_comment_info":0,"uagb_excerpt":"LENTBAU LENT BAU SP\u00d3\u0141KA Z OGRANICZON\u0104 ODPOWIEDZIALNO\u015aCI\u0104 UL. JELENIOG\u00d3RSKA 34A \/ 3, 58-160 \u015aWIEBODZICE NIP: 884 282 11 38KRS: 000 105 29 74 Kontakt:","_links":{"self":[{"href":"https:\/\/lentbau.pl\/index.php?rest_route=\/wp\/v2\/pages\/148","targetHints":{"allow":["GET"]}}],"collection":[{"href":"https:\/\/lentbau.pl\/index.php?rest_route=\/wp\/v2\/pages"}],"about":[{"href":"https:\/\/lentbau.pl\/index.php?rest_route=\/wp\/v2\/types\/page"}],"author":[{"embeddable":true,"href":"https:\/\/lentbau.pl\/index.php?rest_route=\/wp\/v2\/users\/1"}],"replies":[{"embeddable":true,"href":"https:\/\/lentbau.pl\/index.php?rest_route=%2Fwp%2Fv2%2Fcomments&post=148"}],"version-history":[{"count":5,"href":"https:\/\/lentbau.pl\/index.php?rest_route=\/wp\/v2\/pages\/148\/revisions"}],"predecessor-version":[{"id":199,"href":"https:\/\/lentbau.pl\/index.php?rest_route=\/wp\/v2\/pages\/148\/revisions\/199"}],"wp:attachment":[{"href":"https:\/\/lentbau.pl\/index.php?rest_route=%2Fwp%2Fv2%2Fmedia&parent=148"}],"curies":[{"name":"wp","href":"https:\/\/api.w.org\/{rel}","templated":true}]}}